{"id":6444,"date":"2025-07-04T16:09:53","date_gmt":"2025-07-04T14:09:53","guid":{"rendered":"https:\/\/www.asteboetto.com\/?page_id=6444"},"modified":"2025-07-04T16:42:25","modified_gmt":"2025-07-04T14:42:25","slug":"contatti","status":"publish","type":"page","link":"https:\/\/www.asteboetto.com\/?page_id=6444","title":{"rendered":"Contatti"},"content":{"rendered":"<p>[et_pb_section fb_built=&#8221;1&#8243; _builder_version=&#8221;4.24.2&#8243; _module_preset=&#8221;default&#8221; da_disable_devices=&#8221;off|off|off&#8221; locked=&#8221;off&#8221; global_colors_info=&#8221;{}&#8221; da_is_popup=&#8221;off&#8221; da_exit_intent=&#8221;off&#8221; da_has_close=&#8221;on&#8221; da_alt_close=&#8221;off&#8221; da_dark_close=&#8221;off&#8221; da_not_modal=&#8221;on&#8221; da_is_singular=&#8221;off&#8221; da_with_loader=&#8221;off&#8221; da_has_shadow=&#8221;on&#8221;][et_pb_row admin_label=&#8221;Descrizione Dipartimento&#8221; _builder_version=&#8221;4.24.2&#8243; _module_preset=&#8221;default&#8221; global_colors_info=&#8221;{}&#8221;][et_pb_column type=&#8221;4_4&#8243; _builder_version=&#8221;4.24.2&#8243; _module_preset=&#8221;default&#8221; global_colors_info=&#8221;{}&#8221;][et_pb_text _builder_version=&#8221;4.24.2&#8243; _module_preset=&#8221;default&#8221; text_font=&#8221;Open Sans||||||||&#8221; text_text_color=&#8221;#000000&#8243; header_font=&#8221;|700|||||||&#8221; header_text_align=&#8221;center&#8221; header_text_color=&#8221;#FFFFFF&#8221; header_font_size=&#8221;70px&#8221; global_colors_info=&#8221;{}&#8221;]<\/p>\n<h3 style=\"text-align: left;\">| CONTATTI<\/h3>\n<p>[\/et_pb_text][et_pb_text _builder_version=&#8221;4.24.2&#8243; _module_preset=&#8221;default&#8221; text_font=&#8221;Open Sans||||||||&#8221; hover_enabled=&#8221;0&#8243; global_colors_info=&#8221;{}&#8221; sticky_enabled=&#8221;0&#8243;]<\/p>\n<p>Casa d&#8217;Aste Boetto<br \/>Aste di Antiquariarto Boetto s.r.l.<br \/>Mura dello Zerbino 10R<br \/>16122 \u2013 Genova \u2013 Italia<br \/>tel (+39) 0102541314<\/p>\n<blockquote class=\"wp-embedded-content\" data-secret=\"n7k4LcOamR\"><p><a href=\"https:\/\/www.asteboetto.com\/?page_id=1674\">Dipartimenti<\/a><\/p><\/blockquote>\n<p><iframe loading=\"lazy\" class=\"wp-embedded-content\" sandbox=\"allow-scripts\" security=\"restricted\" style=\"position: absolute; visibility: hidden;\" title=\"&#8220;Dipartimenti&#8221; &#8212; Aste Boetto\" src=\"https:\/\/www.asteboetto.com\/embed?page_id=1674&#038;=true#?secret=pwwbwwW8ko#?secret=n7k4LcOamR\" data-secret=\"n7k4LcOamR\" width=\"600\" height=\"338\" frameborder=\"0\" marginwidth=\"0\" marginheight=\"0\" scrolling=\"no\"><\/iframe><\/p>\n<p>[\/et_pb_text][\/et_pb_column][\/et_pb_row][et_pb_row column_structure=&#8221;1_2,1_2&#8243; _builder_version=&#8221;4.24.2&#8243; _module_preset=&#8221;default&#8221; custom_padding=&#8221;0px||||false|false&#8221; global_colors_info=&#8221;{}&#8221;][et_pb_column type=&#8221;1_2&#8243; _builder_version=&#8221;4.24.2&#8243; _module_preset=&#8221;default&#8221; global_colors_info=&#8221;{}&#8221;][et_pb_contact_form email=&#8221;asteboetto@asteboetto.it&#8221; title=&#8221;CONTATTACI&#8221; custom_message=&#8221;RICHIESTA INFORMAZIONI DIPARTIMENTO ARTE MODERNA E CONTEMPORANEA||et_pb_line_break_holder||||et_pb_line_break_holder||Nome: %%Name%%||et_pb_line_break_holder||Email: %%Email%%||et_pb_line_break_holder||Telefono: %%Telefono%%||et_pb_line_break_holder||Messaggio: %%Message%%&#8221; success_message=&#8221;Il suo messaggio \u00e8 stato inviato, sar\u00e0 contattato al pi\u00f9 presto&#8221; submit_button_text=&#8221;Invia&#8221; _builder_version=&#8221;4.24.2&#8243; _module_preset=&#8221;default&#8221; _unique_id=&#8221;08bdbf4c-c5b8-44b4-a9a2-51a89a418b58&#8243; form_field_text_color=&#8221;#000000&#8243; form_field_custom_padding=&#8221;5px|5px|5px|5px|false|false&#8221; title_text_align=&#8221;center&#8221; title_text_color=&#8221;#FFFFFF&#8221; captcha_text_color=&#8221;#FFFFFF&#8221; background_color=&#8221;RGBA(255,255,255,0)&#8221; background_image=&#8221;https:\/\/www.asteboetto.com\/wp-content\/uploads\/2024\/09\/fondo-blu-sfumato.png&#8221; custom_button=&#8221;on&#8221; button_text_color=&#8221;#FFFFFF&#8221; custom_margin=&#8221;0px||||false|false&#8221; custom_padding=&#8221;15px|15px|15px||false|false&#8221; custom_css_before=&#8221;display: flex;||justify-content: flex-end;&#8221; custom_css_main_element=&#8221;border-radius: 15px;&#8221; custom_css_contact_title=&#8221;font-size: 1.75rem;&#8221; border_radii=&#8221;on|5px|5px|5px|5px&#8221; global_colors_info=&#8221;{}&#8221; button_text_color__hover_enabled=&#8221;on|hover&#8221; button_text_color__hover=&#8221;#000000&#8243;][et_pb_contact_field field_id=&#8221;Name&#8221; field_title=&#8221;Nome *&#8221; fullwidth_field=&#8221;on&#8221; _builder_version=&#8221;4.24.2&#8243; width=&#8221;80%&#8221; max_width=&#8221;80%&#8221; custom_margin=&#8221;|||8px|false|false&#8221; global_colors_info=&#8221;{}&#8221; button_text_size__hover_enabled=&#8221;off&#8221; button_one_text_size__hover_enabled=&#8221;off&#8221; button_two_text_size__hover_enabled=&#8221;off&#8221; button_text_color__hover_enabled=&#8221;off&#8221; button_one_text_color__hover_enabled=&#8221;off&#8221; button_two_text_color__hover_enabled=&#8221;off&#8221; button_border_width__hover_enabled=&#8221;off&#8221; button_one_border_width__hover_enabled=&#8221;off&#8221; button_two_border_width__hover_enabled=&#8221;off&#8221; button_border_color__hover_enabled=&#8221;off&#8221; button_one_border_color__hover_enabled=&#8221;off&#8221; button_two_border_color__hover_enabled=&#8221;off&#8221; button_border_radius__hover_enabled=&#8221;off&#8221; button_one_border_radius__hover_enabled=&#8221;off&#8221; button_two_border_radius__hover_enabled=&#8221;off&#8221; button_letter_spacing__hover_enabled=&#8221;off&#8221; button_one_letter_spacing__hover_enabled=&#8221;off&#8221; button_two_letter_spacing__hover_enabled=&#8221;off&#8221; button_bg_color__hover_enabled=&#8221;off&#8221; button_one_bg_color__hover_enabled=&#8221;off&#8221; button_two_bg_color__hover_enabled=&#8221;off&#8221;][\/et_pb_contact_field][et_pb_contact_field field_id=&#8221;Email&#8221; field_title=&#8221;Indirizzo e-mail *&#8221; field_type=&#8221;email&#8221; fullwidth_field=&#8221;on&#8221; _builder_version=&#8221;4.24.2&#8243; width=&#8221;80%&#8221; max_width=&#8221;80%&#8221; custom_margin=&#8221;|||8px|false|false&#8221; global_colors_info=&#8221;{}&#8221; button_text_size__hover_enabled=&#8221;off&#8221; button_one_text_size__hover_enabled=&#8221;off&#8221; button_two_text_size__hover_enabled=&#8221;off&#8221; button_text_color__hover_enabled=&#8221;off&#8221; button_one_text_color__hover_enabled=&#8221;off&#8221; button_two_text_color__hover_enabled=&#8221;off&#8221; button_border_width__hover_enabled=&#8221;off&#8221; button_one_border_width__hover_enabled=&#8221;off&#8221; button_two_border_width__hover_enabled=&#8221;off&#8221; button_border_color__hover_enabled=&#8221;off&#8221; button_one_border_color__hover_enabled=&#8221;off&#8221; button_two_border_color__hover_enabled=&#8221;off&#8221; button_border_radius__hover_enabled=&#8221;off&#8221; button_one_border_radius__hover_enabled=&#8221;off&#8221; button_two_border_radius__hover_enabled=&#8221;off&#8221; button_letter_spacing__hover_enabled=&#8221;off&#8221; button_one_letter_spacing__hover_enabled=&#8221;off&#8221; button_two_letter_spacing__hover_enabled=&#8221;off&#8221; button_bg_color__hover_enabled=&#8221;off&#8221; button_one_bg_color__hover_enabled=&#8221;off&#8221; button_two_bg_color__hover_enabled=&#8221;off&#8221;][\/et_pb_contact_field][et_pb_contact_field field_id=&#8221;Telefono&#8221; field_title=&#8221;Nr Telefono *&#8221; fullwidth_field=&#8221;on&#8221; _builder_version=&#8221;4.24.2&#8243; _module_preset=&#8221;default&#8221; width=&#8221;80%&#8221; max_width=&#8221;80%&#8221; custom_margin=&#8221;|||8px|false|false&#8221; global_colors_info=&#8221;{}&#8221;][\/et_pb_contact_field][et_pb_contact_field field_id=&#8221;Message&#8221; field_title=&#8221;Messaggio *&#8221; field_type=&#8221;text&#8221; fullwidth_field=&#8221;on&#8221; _builder_version=&#8221;4.24.2&#8243; custom_margin=&#8221;|8px||8px|false|false&#8221; global_colors_info=&#8221;{}&#8221; button_text_size__hover_enabled=&#8221;off&#8221; button_one_text_size__hover_enabled=&#8221;off&#8221; button_two_text_size__hover_enabled=&#8221;off&#8221; button_text_color__hover_enabled=&#8221;off&#8221; button_one_text_color__hover_enabled=&#8221;off&#8221; button_two_text_color__hover_enabled=&#8221;off&#8221; button_border_width__hover_enabled=&#8221;off&#8221; button_one_border_width__hover_enabled=&#8221;off&#8221; button_two_border_width__hover_enabled=&#8221;off&#8221; button_border_color__hover_enabled=&#8221;off&#8221; button_one_border_color__hover_enabled=&#8221;off&#8221; button_two_border_color__hover_enabled=&#8221;off&#8221; button_border_radius__hover_enabled=&#8221;off&#8221; button_one_border_radius__hover_enabled=&#8221;off&#8221; button_two_border_radius__hover_enabled=&#8221;off&#8221; button_letter_spacing__hover_enabled=&#8221;off&#8221; button_one_letter_spacing__hover_enabled=&#8221;off&#8221; button_two_letter_spacing__hover_enabled=&#8221;off&#8221; button_bg_color__hover_enabled=&#8221;off&#8221; button_one_bg_color__hover_enabled=&#8221;off&#8221; button_two_bg_color__hover_enabled=&#8221;off&#8221;][\/et_pb_contact_field][\/et_pb_contact_form][\/et_pb_column][et_pb_column type=&#8221;1_2&#8243; _builder_version=&#8221;4.24.2&#8243; _module_preset=&#8221;default&#8221; custom_css_main_element=&#8221;    display: flex;||    justify-content: end;&#8221; global_colors_info=&#8221;{}&#8221;][\/et_pb_column][\/et_pb_row][\/et_pb_section][et_pb_section fb_built=&#8221;1&#8243; admin_label=&#8221;Sezione Bootstrap&#8221; _builder_version=&#8221;4.24.2&#8243; _module_preset=&#8221;default&#8221; da_disable_devices=&#8221;off|off|off&#8221; locked=&#8221;off&#8221; global_colors_info=&#8221;{}&#8221; da_is_popup=&#8221;off&#8221; da_exit_intent=&#8221;off&#8221; da_has_close=&#8221;on&#8221; da_alt_close=&#8221;off&#8221; da_dark_close=&#8221;off&#8221; da_not_modal=&#8221;on&#8221; da_is_singular=&#8221;off&#8221; da_with_loader=&#8221;off&#8221; da_has_shadow=&#8221;on&#8221;][et_pb_row _builder_version=&#8221;4.24.2&#8243; _module_preset=&#8221;default&#8221; global_colors_info=&#8221;{}&#8221;][et_pb_column type=&#8221;4_4&#8243; _builder_version=&#8221;4.24.2&#8243; _module_preset=&#8221;default&#8221; global_colors_info=&#8221;{}&#8221;][et_pb_code _builder_version=&#8221;4.24.2&#8243; _module_preset=&#8221;default&#8221; global_colors_info=&#8221;{}&#8221;]<link rel=\"stylesheet\" href=\"\/css\/bootstrap.min.css\">[\/et_pb_code][\/et_pb_column][\/et_pb_row][\/et_pb_section]<\/p>\n","protected":false},"excerpt":{"rendered":"<p>| CONTATTICasa d&#8217;Aste BoettoAste di Antiquariarto Boetto s.r.l.Mura dello Zerbino 10R16122 \u2013 Genova \u2013 Italiatel (+39) 0102541314 https:\/\/www.asteboetto.com\/?page_id=1674<\/p>\n","protected":false},"author":1,"featured_media":0,"parent":0,"menu_order":0,"comment_status":"closed","ping_status":"closed","template":"","meta":{"_et_pb_use_builder":"on","_et_pb_old_content":"","_et_gb_content_width":"","footnotes":""},"class_list":["post-6444","page","type-page","status-publish","hentry"],"yoast_head":"<!-- This site is optimized with the Yoast SEO plugin v25.9 - https:\/\/yoast.com\/wordpress\/plugins\/seo\/ -->\n<title>Contatti - Aste Boetto<\/title>\n<meta name=\"robots\" content=\"index, follow, max-snippet:-1, max-image-preview:large, max-video-preview:-1\" \/>\n<link rel=\"canonical\" href=\"https:\/\/www.asteboetto.com\/?page_id=6444\" \/>\n<meta property=\"og:locale\" content=\"it_IT\" \/>\n<meta property=\"og:type\" content=\"article\" \/>\n<meta property=\"og:title\" content=\"Contatti - Aste Boetto\" \/>\n<meta property=\"og:description\" content=\"| CONTATTICasa d&#039;Aste BoettoAste di Antiquariarto Boetto s.r.l.Mura dello Zerbino 10R16122 \u2013 Genova \u2013 Italiatel (+39) 0102541314 https:\/\/www.asteboetto.com\/?page_id=1674\" \/>\n<meta property=\"og:url\" content=\"https:\/\/www.asteboetto.com\/?page_id=6444\" \/>\n<meta property=\"og:site_name\" content=\"Aste Boetto\" \/>\n<meta property=\"article:publisher\" content=\"https:\/\/www.facebook.com\/casadasteboetto\" \/>\n<meta property=\"article:modified_time\" content=\"2025-07-04T14:42:25+00:00\" \/>\n<meta name=\"twitter:card\" content=\"summary_large_image\" \/>\n<meta name=\"twitter:label1\" content=\"Tempo di lettura stimato\" \/>\n\t<meta name=\"twitter:data1\" content=\"1 minuto\" \/>\n<script type=\"application\/ld+json\" class=\"yoast-schema-graph\">{\"@context\":\"https:\/\/schema.org\",\"@graph\":[{\"@type\":\"WebPage\",\"@id\":\"https:\/\/www.asteboetto.com\/?page_id=6444\",\"url\":\"https:\/\/www.asteboetto.com\/?page_id=6444\",\"name\":\"Contatti - Aste Boetto\",\"isPartOf\":{\"@id\":\"https:\/\/www.asteboetto.com\/#website\"},\"datePublished\":\"2025-07-04T14:09:53+00:00\",\"dateModified\":\"2025-07-04T14:42:25+00:00\",\"breadcrumb\":{\"@id\":\"https:\/\/www.asteboetto.com\/?page_id=6444#breadcrumb\"},\"inLanguage\":\"it-IT\",\"potentialAction\":[{\"@type\":\"ReadAction\",\"target\":[\"https:\/\/www.asteboetto.com\/?page_id=6444\"]}]},{\"@type\":\"BreadcrumbList\",\"@id\":\"https:\/\/www.asteboetto.com\/?page_id=6444#breadcrumb\",\"itemListElement\":[{\"@type\":\"ListItem\",\"position\":1,\"name\":\"Home\",\"item\":\"https:\/\/www.asteboetto.com\/\"},{\"@type\":\"ListItem\",\"position\":2,\"name\":\"Contatti\"}]},{\"@type\":\"WebSite\",\"@id\":\"https:\/\/www.asteboetto.com\/#website\",\"url\":\"https:\/\/www.asteboetto.com\/\",\"name\":\"Aste Boetto\",\"description\":\"Antiquariato, Design, Arte Moderna &amp; Gioielli | Genova\",\"publisher\":{\"@id\":\"https:\/\/www.asteboetto.com\/#organization\"},\"potentialAction\":[{\"@type\":\"SearchAction\",\"target\":{\"@type\":\"EntryPoint\",\"urlTemplate\":\"https:\/\/www.asteboetto.com\/?s={search_term_string}\"},\"query-input\":{\"@type\":\"PropertyValueSpecification\",\"valueRequired\":true,\"valueName\":\"search_term_string\"}}],\"inLanguage\":\"it-IT\"},{\"@type\":\"Organization\",\"@id\":\"https:\/\/www.asteboetto.com\/#organization\",\"name\":\"Aste Boetto\",\"url\":\"https:\/\/www.asteboetto.com\/\",\"logo\":{\"@type\":\"ImageObject\",\"inLanguage\":\"it-IT\",\"@id\":\"https:\/\/www.asteboetto.com\/#\/schema\/logo\/image\/\",\"url\":\"https:\/\/www.asteboetto.com\/wp-content\/uploads\/2024\/08\/android-chrome-512x512-1.png\",\"contentUrl\":\"https:\/\/www.asteboetto.com\/wp-content\/uploads\/2024\/08\/android-chrome-512x512-1.png\",\"width\":512,\"height\":512,\"caption\":\"Aste Boetto\"},\"image\":{\"@id\":\"https:\/\/www.asteboetto.com\/#\/schema\/logo\/image\/\"},\"sameAs\":[\"https:\/\/www.facebook.com\/casadasteboetto\",\"https:\/\/www.instagram.com\/asteboetto\/\"]}]}<\/script>\n<!-- \/ Yoast SEO plugin. -->","yoast_head_json":{"title":"Contatti - Aste Boetto","robots":{"index":"index","follow":"follow","max-snippet":"max-snippet:-1","max-image-preview":"max-image-preview:large","max-video-preview":"max-video-preview:-1"},"canonical":"https:\/\/www.asteboetto.com\/?page_id=6444","og_locale":"it_IT","og_type":"article","og_title":"Contatti - Aste Boetto","og_description":"| CONTATTICasa d'Aste BoettoAste di Antiquariarto Boetto s.r.l.Mura dello Zerbino 10R16122 \u2013 Genova \u2013 Italiatel (+39) 0102541314 https:\/\/www.asteboetto.com\/?page_id=1674","og_url":"https:\/\/www.asteboetto.com\/?page_id=6444","og_site_name":"Aste Boetto","article_publisher":"https:\/\/www.facebook.com\/casadasteboetto","article_modified_time":"2025-07-04T14:42:25+00:00","twitter_card":"summary_large_image","twitter_misc":{"Tempo di lettura stimato":"1 minuto"},"schema":{"@context":"https:\/\/schema.org","@graph":[{"@type":"WebPage","@id":"https:\/\/www.asteboetto.com\/?page_id=6444","url":"https:\/\/www.asteboetto.com\/?page_id=6444","name":"Contatti - Aste Boetto","isPartOf":{"@id":"https:\/\/www.asteboetto.com\/#website"},"datePublished":"2025-07-04T14:09:53+00:00","dateModified":"2025-07-04T14:42:25+00:00","breadcrumb":{"@id":"https:\/\/www.asteboetto.com\/?page_id=6444#breadcrumb"},"inLanguage":"it-IT","potentialAction":[{"@type":"ReadAction","target":["https:\/\/www.asteboetto.com\/?page_id=6444"]}]},{"@type":"BreadcrumbList","@id":"https:\/\/www.asteboetto.com\/?page_id=6444#breadcrumb","itemListElement":[{"@type":"ListItem","position":1,"name":"Home","item":"https:\/\/www.asteboetto.com\/"},{"@type":"ListItem","position":2,"name":"Contatti"}]},{"@type":"WebSite","@id":"https:\/\/www.asteboetto.com\/#website","url":"https:\/\/www.asteboetto.com\/","name":"Aste Boetto","description":"Antiquariato, Design, Arte Moderna &amp; Gioielli | Genova","publisher":{"@id":"https:\/\/www.asteboetto.com\/#organization"},"potentialAction":[{"@type":"SearchAction","target":{"@type":"EntryPoint","urlTemplate":"https:\/\/www.asteboetto.com\/?s={search_term_string}"},"query-input":{"@type":"PropertyValueSpecification","valueRequired":true,"valueName":"search_term_string"}}],"inLanguage":"it-IT"},{"@type":"Organization","@id":"https:\/\/www.asteboetto.com\/#organization","name":"Aste Boetto","url":"https:\/\/www.asteboetto.com\/","logo":{"@type":"ImageObject","inLanguage":"it-IT","@id":"https:\/\/www.asteboetto.com\/#\/schema\/logo\/image\/","url":"https:\/\/www.asteboetto.com\/wp-content\/uploads\/2024\/08\/android-chrome-512x512-1.png","contentUrl":"https:\/\/www.asteboetto.com\/wp-content\/uploads\/2024\/08\/android-chrome-512x512-1.png","width":512,"height":512,"caption":"Aste Boetto"},"image":{"@id":"https:\/\/www.asteboetto.com\/#\/schema\/logo\/image\/"},"sameAs":["https:\/\/www.facebook.com\/casadasteboetto","https:\/\/www.instagram.com\/asteboetto\/"]}]}},"_links":{"self":[{"href":"https:\/\/www.asteboetto.com\/index.php?rest_route=\/wp\/v2\/pages\/6444","targetHints":{"allow":["GET"]}}],"collection":[{"href":"https:\/\/www.asteboetto.com\/index.php?rest_route=\/wp\/v2\/pages"}],"about":[{"href":"https:\/\/www.asteboetto.com\/index.php?rest_route=\/wp\/v2\/types\/page"}],"author":[{"embeddable":true,"href":"https:\/\/www.asteboetto.com\/index.php?rest_route=\/wp\/v2\/users\/1"}],"replies":[{"embeddable":true,"href":"https:\/\/www.asteboetto.com\/index.php?rest_route=%2Fwp%2Fv2%2Fcomments&post=6444"}],"version-history":[{"count":6,"href":"https:\/\/www.asteboetto.com\/index.php?rest_route=\/wp\/v2\/pages\/6444\/revisions"}],"predecessor-version":[{"id":6454,"href":"https:\/\/www.asteboetto.com\/index.php?rest_route=\/wp\/v2\/pages\/6444\/revisions\/6454"}],"wp:attachment":[{"href":"https:\/\/www.asteboetto.com\/index.php?rest_route=%2Fwp%2Fv2%2Fmedia&parent=6444"}],"curies":[{"name":"wp","href":"https:\/\/api.w.org\/{rel}","templated":true}]}}